{"id":86624,"date":"2016-08-17T21:05:28","date_gmt":"2016-08-17T21:05:28","guid":{"rendered":"https:\/\/buypropertiesinturkey.com\/ozellikleri-karsilastirin\/"},"modified":"2016-08-17T21:05:28","modified_gmt":"2016-08-17T21:05:28","slug":"ozellikleri-karsilastirin","status":"publish","type":"page","link":"https:\/\/buypropertiesinturkey.com\/tr\/ozellikleri-karsilastirin\/","title":{"rendered":"\u00d6zellikleri Kar\u015f\u0131la\u015ft\u0131r\u0131n"},"content":{"rendered":"","protected":false},"excerpt":{"rendered":"","protected":false},"author":1,"featured_media":0,"parent":0,"menu_order":0,"comment_status":"closed","ping_status":"closed","template":"template\/template-compare.php","meta":{"_monsterinsights_skip_tracking":false,"_monsterinsights_sitenote_active":false,"_monsterinsights_sitenote_note":"","_monsterinsights_sitenote_category":0,"footnotes":""},"class_list":["post-86624","page","type-page","status-publish","hentry"],"yoast_head":"<!-- This site is optimized with the Yoast SEO plugin v26.6 - https:\/\/yoast.com\/wordpress\/plugins\/seo\/ -->\n<title>\u00d6zellikleri Kar\u015f\u0131la\u015ft\u0131r\u0131n - Buy Properties in Turkey<\/title>\n<meta name=\"robots\" content=\"index, follow, max-snippet:-1, max-image-preview:large, max-video-preview:-1\" \/>\n<link rel=\"canonical\" href=\"https:\/\/buypropertiesinturkey.com\/tr\/ozellikleri-karsilastirin\/\" \/>\n<meta property=\"og:locale\" content=\"tr_TR\" \/>\n<meta property=\"og:type\" content=\"article\" \/>\n<meta property=\"og:title\" content=\"\u00d6zellikleri Kar\u015f\u0131la\u015ft\u0131r\u0131n - Buy Properties in Turkey\" \/>\n<meta property=\"og:url\" content=\"https:\/\/buypropertiesinturkey.com\/tr\/ozellikleri-karsilastirin\/\" \/>\n<meta property=\"og:site_name\" content=\"Buy Properties in Turkey\" \/>\n<meta property=\"article:publisher\" content=\"https:\/\/www.facebook.com\/SinanSertkale1986\/\" \/>\n<meta name=\"twitter:card\" content=\"summary_large_image\" \/>\n<script type=\"application\/ld+json\" class=\"yoast-schema-graph\">{\"@context\":\"https:\/\/schema.org\",\"@graph\":[{\"@type\":\"WebPage\",\"@id\":\"https:\/\/buypropertiesinturkey.com\/tr\/ozellikleri-karsilastirin\/\",\"url\":\"https:\/\/buypropertiesinturkey.com\/tr\/ozellikleri-karsilastirin\/\",\"name\":\"\u00d6zellikleri Kar\u015f\u0131la\u015ft\u0131r\u0131n - Buy Properties in Turkey\",\"isPartOf\":{\"@id\":\"https:\/\/buypropertiesinturkey.com\/tr\/#website\"},\"datePublished\":\"2016-08-17T21:05:28+00:00\",\"breadcrumb\":{\"@id\":\"https:\/\/buypropertiesinturkey.com\/tr\/ozellikleri-karsilastirin\/#breadcrumb\"},\"inLanguage\":\"tr\",\"potentialAction\":[{\"@type\":\"ReadAction\",\"target\":[\"https:\/\/buypropertiesinturkey.com\/tr\/ozellikleri-karsilastirin\/\"]}]},{\"@type\":\"BreadcrumbList\",\"@id\":\"https:\/\/buypropertiesinturkey.com\/tr\/ozellikleri-karsilastirin\/#breadcrumb\",\"itemListElement\":[{\"@type\":\"ListItem\",\"position\":1,\"name\":\"Ev\",\"item\":\"https:\/\/buypropertiesinturkey.com\/tr\/\"},{\"@type\":\"ListItem\",\"position\":2,\"name\":\"\u00d6zellikleri Kar\u015f\u0131la\u015ft\u0131r\u0131n\"}]},{\"@type\":\"WebSite\",\"@id\":\"https:\/\/buypropertiesinturkey.com\/tr\/#website\",\"url\":\"https:\/\/buypropertiesinturkey.com\/tr\/\",\"name\":\"Buy Properties in Turkey\",\"description\":\"\",\"publisher\":{\"@id\":\"https:\/\/buypropertiesinturkey.com\/tr\/#organization\"},\"potentialAction\":[{\"@type\":\"SearchAction\",\"target\":{\"@type\":\"EntryPoint\",\"urlTemplate\":\"https:\/\/buypropertiesinturkey.com\/tr\/?s={search_term_string}\"},\"query-input\":{\"@type\":\"PropertyValueSpecification\",\"valueRequired\":true,\"valueName\":\"search_term_string\"}}],\"inLanguage\":\"tr\"},{\"@type\":\"Organization\",\"@id\":\"https:\/\/buypropertiesinturkey.com\/tr\/#organization\",\"name\":\"T\u00fcrkiye'de Emlak Sat\u0131n Al\",\"url\":\"https:\/\/buypropertiesinturkey.com\/tr\/\",\"logo\":{\"@type\":\"ImageObject\",\"inLanguage\":\"tr\",\"@id\":\"https:\/\/buypropertiesinturkey.com\/tr\/#\/schema\/logo\/image\/\",\"url\":\"https:\/\/buypropertiesinturkey.com\/wp-content\/uploads\/2024\/07\/Buy-Properties-Turkey-Logo-300x52-1.png\",\"contentUrl\":\"https:\/\/buypropertiesinturkey.com\/wp-content\/uploads\/2024\/07\/Buy-Properties-Turkey-Logo-300x52-1.png\",\"width\":298,\"height\":61,\"caption\":\"T\u00fcrkiye'de Emlak Sat\u0131n Al\"},\"image\":{\"@id\":\"https:\/\/buypropertiesinturkey.com\/tr\/#\/schema\/logo\/image\/\"},\"sameAs\":[\"https:\/\/www.facebook.com\/SinanSertkale1986\/\",\"https:\/\/www.instagram.com\/buypropertiesinturkey6\/\"]}]}<\/script>\n<!-- \/ Yoast SEO plugin. -->","yoast_head_json":{"title":"\u00d6zellikleri Kar\u015f\u0131la\u015ft\u0131r\u0131n - Buy Properties in Turkey","robots":{"index":"index","follow":"follow","max-snippet":"max-snippet:-1","max-image-preview":"max-image-preview:large","max-video-preview":"max-video-preview:-1"},"canonical":"https:\/\/buypropertiesinturkey.com\/tr\/ozellikleri-karsilastirin\/","og_locale":"tr_TR","og_type":"article","og_title":"\u00d6zellikleri Kar\u015f\u0131la\u015ft\u0131r\u0131n - Buy Properties in Turkey","og_url":"https:\/\/buypropertiesinturkey.com\/tr\/ozellikleri-karsilastirin\/","og_site_name":"Buy Properties in Turkey","article_publisher":"https:\/\/www.facebook.com\/SinanSertkale1986\/","twitter_card":"summary_large_image","schema":{"@context":"https:\/\/schema.org","@graph":[{"@type":"WebPage","@id":"https:\/\/buypropertiesinturkey.com\/tr\/ozellikleri-karsilastirin\/","url":"https:\/\/buypropertiesinturkey.com\/tr\/ozellikleri-karsilastirin\/","name":"\u00d6zellikleri Kar\u015f\u0131la\u015ft\u0131r\u0131n - Buy Properties in Turkey","isPartOf":{"@id":"https:\/\/buypropertiesinturkey.com\/tr\/#website"},"datePublished":"2016-08-17T21:05:28+00:00","breadcrumb":{"@id":"https:\/\/buypropertiesinturkey.com\/tr\/ozellikleri-karsilastirin\/#breadcrumb"},"inLanguage":"tr","potentialAction":[{"@type":"ReadAction","target":["https:\/\/buypropertiesinturkey.com\/tr\/ozellikleri-karsilastirin\/"]}]},{"@type":"BreadcrumbList","@id":"https:\/\/buypropertiesinturkey.com\/tr\/ozellikleri-karsilastirin\/#breadcrumb","itemListElement":[{"@type":"ListItem","position":1,"name":"Ev","item":"https:\/\/buypropertiesinturkey.com\/tr\/"},{"@type":"ListItem","position":2,"name":"\u00d6zellikleri Kar\u015f\u0131la\u015ft\u0131r\u0131n"}]},{"@type":"WebSite","@id":"https:\/\/buypropertiesinturkey.com\/tr\/#website","url":"https:\/\/buypropertiesinturkey.com\/tr\/","name":"Buy Properties in Turkey","description":"","publisher":{"@id":"https:\/\/buypropertiesinturkey.com\/tr\/#organization"},"potentialAction":[{"@type":"SearchAction","target":{"@type":"EntryPoint","urlTemplate":"https:\/\/buypropertiesinturkey.com\/tr\/?s={search_term_string}"},"query-input":{"@type":"PropertyValueSpecification","valueRequired":true,"valueName":"search_term_string"}}],"inLanguage":"tr"},{"@type":"Organization","@id":"https:\/\/buypropertiesinturkey.com\/tr\/#organization","name":"T\u00fcrkiye'de Emlak Sat\u0131n Al","url":"https:\/\/buypropertiesinturkey.com\/tr\/","logo":{"@type":"ImageObject","inLanguage":"tr","@id":"https:\/\/buypropertiesinturkey.com\/tr\/#\/schema\/logo\/image\/","url":"https:\/\/buypropertiesinturkey.com\/wp-content\/uploads\/2024\/07\/Buy-Properties-Turkey-Logo-300x52-1.png","contentUrl":"https:\/\/buypropertiesinturkey.com\/wp-content\/uploads\/2024\/07\/Buy-Properties-Turkey-Logo-300x52-1.png","width":298,"height":61,"caption":"T\u00fcrkiye'de Emlak Sat\u0131n Al"},"image":{"@id":"https:\/\/buypropertiesinturkey.com\/tr\/#\/schema\/logo\/image\/"},"sameAs":["https:\/\/www.facebook.com\/SinanSertkale1986\/","https:\/\/www.instagram.com\/buypropertiesinturkey6\/"]}]}},"jetpack_sharing_enabled":true,"jetpack_likes_enabled":true,"_links":{"self":[{"href":"https:\/\/buypropertiesinturkey.com\/tr\/wp-json\/wp\/v2\/pages\/86624","targetHints":{"allow":["GET"]}}],"collection":[{"href":"https:\/\/buypropertiesinturkey.com\/tr\/wp-json\/wp\/v2\/pages"}],"about":[{"href":"https:\/\/buypropertiesinturkey.com\/tr\/wp-json\/wp\/v2\/types\/page"}],"author":[{"embeddable":true,"href":"https:\/\/buypropertiesinturkey.com\/tr\/wp-json\/wp\/v2\/users\/1"}],"replies":[{"embeddable":true,"href":"https:\/\/buypropertiesinturkey.com\/tr\/wp-json\/wp\/v2\/comments?post=86624"}],"version-history":[{"count":0,"href":"https:\/\/buypropertiesinturkey.com\/tr\/wp-json\/wp\/v2\/pages\/86624\/revisions"}],"wp:attachment":[{"href":"https:\/\/buypropertiesinturkey.com\/tr\/wp-json\/wp\/v2\/media?parent=86624"}],"curies":[{"name":"wp","href":"https:\/\/api.w.org\/{rel}","templated":true}]}}